{"id":43030,"date":"2018-11-08T12:58:14","date_gmt":"2018-11-08T12:58:14","guid":{"rendered":"https:\/\/sito.soloproveweb.it\/zimmer\/"},"modified":"2024-11-14T17:29:27","modified_gmt":"2024-11-14T17:29:27","slug":"zimmer","status":"publish","type":"page","link":"https:\/\/www.hotellemcasadeicervia.com\/de\/zimmer\/","title":{"rendered":"Zimmer"},"content":{"rendered":"<p>[vc_row gradient_colors=&#8220;%5B%7B%7D%5D&#8220; css=&#8220;.vc_custom_1542829644983{margin-top: -80px !important;}&#8220;][vc_column][rev_slider alias=&#8220;camere&#8220;][\/vc_column][\/vc_row][vc_row][vc_column width=&#8220;1\/6&#8243;][\/vc_column][vc_column width=&#8220;2\/3&#8243;][vc_custom_heading text=&#8220;Die verschiedenen Zimmertypen f\u00fcr jeden Komfort&#8220; font_container=&#8220;tag:p|font_size:30|text_align:center|color:%23dbb859&#8243; google_fonts=&#8220;font_family:Bilbo%20Swash%20Caps%3Aregular|font_style:400%20regular%3A400%3Anormal&#8220;][vc_empty_space][vc_cta h2=&#8220;Standard&#8220; txt_align=&#8220;center&#8220; shape=&#8220;square&#8220; add_button=&#8220;bottom&#8220; btn_title=&#8220;Visualizza&#8220; btn_shape=&#8220;square&#8220; btn_color=&#8220;peacoc&#8220; btn_size=&#8220;sm&#8220; btn_align=&#8220;center&#8220; btn_link=&#8220;url:https%3A%2F%2Fwww.hotellemcasadeicervia.com%2Fle-camere%2Fcamera-standard%2F|||&#8220; css=&#8220;.vc_custom_1542751353842{padding-top: 150px !important;padding-bottom: 150px !important;background-image: url(https:\/\/www.hotellemcasadeicervia.com\/wp-content\/uploads\/2018\/11\/DSC_7803.jpg?id=3888) !important;background-position: center !important;background-repeat: no-repeat !important;background-size: cover !important;}&#8220;][\/vc_cta][vc_empty_space][vc_cta h2=&#8220;Komfort&#8220; txt_align=&#8220;center&#8220; shape=&#8220;square&#8220; add_button=&#8220;bottom&#8220; btn_title=&#8220;Visualizza&#8220; btn_shape=&#8220;square&#8220; btn_color=&#8220;peacoc&#8220; btn_size=&#8220;sm&#8220; btn_align=&#8220;center&#8220; btn_link=&#8220;url:https%3A%2F%2Fwww.hotellemcasadeicervia.com%2Fle-camere%2Fcamera-comfort%2F|||&#8220; css=&#8220;.vc_custom_1603393847394{padding-top: 150px !important;padding-bottom: 150px !important;background-image: url(https:\/\/www.hotellemcasadeicervia.com\/wp-content\/uploads\/2018\/11\/DSC_6283.jpg?id=3921) !important;background-position: center !important;background-repeat: no-repeat !important;background-size: cover !important;}&#8220;][\/vc_cta][vc_empty_space][vc_cta h2=&#8220;Komfort Plus&#8220; txt_align=&#8220;center&#8220; shape=&#8220;square&#8220; add_button=&#8220;bottom&#8220; btn_title=&#8220;Visualizza&#8220; btn_shape=&#8220;square&#8220; btn_color=&#8220;peacoc&#8220; btn_size=&#8220;sm&#8220; btn_align=&#8220;center&#8220; btn_link=&#8220;url:https%3A%2F%2Fwww.hotellemcasadeicervia.com%2Fde%2Fkomfortplus-zimmer%2F|title:Komfortplus%20Zimmer&#8220; css=&#8220;.vc_custom_1669995319815{padding-top: 150px !important;padding-bottom: 150px !important;background-image: url(https:\/\/www.hotellemcasadeicervia.com\/wp-content\/uploads\/2018\/11\/DSC_6283.jpg?id=3921) !important;background-position: center !important;background-repeat: no-repeat !important;background-size: cover !important;}&#8220;][\/vc_cta][vc_empty_space][vc_cta h2=&#8220;Dach&#8220; txt_align=&#8220;center&#8220; shape=&#8220;square&#8220; add_button=&#8220;bottom&#8220; btn_title=&#8220;Visualizza&#8220; btn_shape=&#8220;square&#8220; btn_color=&#8220;peacoc&#8220; btn_size=&#8220;sm&#8220; btn_align=&#8220;center&#8220; btn_link=&#8220;url:https%3A%2F%2Fwww.hotellemcasadeicervia.com%2Fle-camere%2Fcamera-deluxe%2F|||&#8220; css=&#8220;.vc_custom_1603394413573{padding-top: 150px !important;padding-bottom: 150px !important;background-image: url(https:\/\/www.hotellemcasadeicervia.com\/wp-content\/uploads\/2018\/11\/DSC_6127-HDR.jpg?id=3936) !important;background-position: center !important;background-repeat: no-repeat !important;background-size: cover !important;}&#8220;][\/vc_cta][vc_empty_space][vc_cta h2=&#8220;Luxuszimmer&#8220; txt_align=&#8220;center&#8220; shape=&#8220;square&#8220; add_button=&#8220;bottom&#8220; btn_title=&#8220;Visualizza&#8220; btn_shape=&#8220;square&#8220; btn_color=&#8220;peacoc&#8220; btn_size=&#8220;sm&#8220; btn_align=&#8220;center&#8220; btn_link=&#8220;url:https%3A%2F%2Fwww.hotellemcasadeicervia.com%2Fde%2Fluxuszimmer%2F|title:Luxuszimmer|target:_blank&#8220; css=&#8220;.vc_custom_1669995378446{padding-top: 150px !important;padding-bottom: 150px !important;background-image: url(https:\/\/www.hotellemcasadeicervia.com\/wp-content\/uploads\/2018\/11\/DSC_6127-HDR.jpg?id=3936) !important;background-position: center !important;background-repeat: no-repeat !important;background-size: cover !important;}&#8220;][\/vc_cta][\/vc_column][vc_column width=&#8220;1\/6&#8243;][\/vc_column][\/vc_row][vc_row full_width=&#8220;stretch_row&#8220; pix_padding_bottom=&#8220;pix-padding-bottom-xl&#8220; ptextcolor=&#8220;White&#8220; gradient_colors=&#8220;%5B%7B%7D%5D&#8220; awb_type=&#8220;image&#8220; awb_image_background_position=&#8220;50% 50%&#8220; awb_color=&#8220;rgba(17,108,158,0.5)&#8220; pix_padding=&#8220;pix-padding-both&#8220; pix_padding_size=&#8220;pix-padding-xl&#8220; awb_image=&#8220;3497&#8243;][vc_column][vc_custom_heading text=&#8220;Kontaktiere uns&#8220; font_container=&#8220;tag:p|font_size:27|text_align:center|color:%23dbb859&#8243; google_fonts=&#8220;font_family:Bilbo%20Swash%20Caps%3Aregular|font_style:400%20regular%3A400%3Anormal&#8220; css=&#8220;.vc_custom_1603393889321{margin-bottom: 20px !important;}&#8220;][vc_empty_space height=&#8220;30px&#8220;][common_title title=&#8220;\u00dcberpr\u00fcfen Sie noch heute die Verf\u00fcgbarkeit&#8220; show_decor=&#8220;off&#8220; color=&#8220;white-heading&#8220;][vc_column_text][fluentform id=&#8220;4&#8243;][\/vc_column_text][\/vc_column][\/vc_row]<\/p>\n","protected":false},"excerpt":{"rendered":"<p>[vc_row gradient_colors=&#8220;%5B%7B%7D%5D&#8220; css=&#8220;.vc_custom_1542829644983{margin-top: -80px !important;}&#8220;][vc_column][rev_slider alias=&#8220;camere&#8220;][\/vc_column][\/vc_row][vc_row][vc_column width=&#8220;1\/6&#8243;][\/vc_column][vc_column width=&#8220;2\/3&#8243;][vc_custom_heading text=&#8220;Die verschiedenen Zimmertypen f\u00fcr jeden Komfort&#8220; font_container=&#8220;tag:p|font_size:30|text_align:center|color:%23dbb859&#8243; google_fonts=&#8220;font_family:Bilbo%20Swash%20Caps%3Aregular|font_style:400%20regular%3A400%3Anormal&#8220;][vc_empty_space][vc_cta h2=&#8220;Standard&#8220; txt_align=&#8220;center&#8220; shape=&#8220;square&#8220; add_button=&#8220;bottom&#8220; btn_title=&#8220;Visualizza&#8220; btn_shape=&#8220;square&#8220; btn_color=&#8220;peacoc&#8220; btn_size=&#8220;sm&#8220; btn_align=&#8220;center&#8220; btn_link=&#8220;url:https%3A%2F%2Fwww.hotellemcasadeicervia.com%2Fle-camere%2Fcamera-standard%2F|||&#8220; css=&#8220;.vc_custom_1542751353842{padding-top: 150px !important;padding-bottom: 150px [&hellip;]<\/p>\n","protected":false},"author":2,"featured_media":0,"parent":0,"menu_order":8,"comment_status":"closed","ping_status":"open","template":"","meta":{"footnotes":""},"class_list":["post-43030","page","type-page","status-publish","hentry"],"_links":{"self":[{"href":"https:\/\/www.hotellemcasadeicervia.com\/de\/wp-json\/wp\/v2\/pages\/43030","targetHints":{"allow":["GET"]}}],"collection":[{"href":"https:\/\/www.hotellemcasadeicervia.com\/de\/wp-json\/wp\/v2\/pages"}],"about":[{"href":"https:\/\/www.hotellemcasadeicervia.com\/de\/wp-json\/wp\/v2\/types\/page"}],"author":[{"embeddable":true,"href":"https:\/\/www.hotellemcasadeicervia.com\/de\/wp-json\/wp\/v2\/users\/2"}],"replies":[{"embeddable":true,"href":"https:\/\/www.hotellemcasadeicervia.com\/de\/wp-json\/wp\/v2\/comments?post=43030"}],"version-history":[{"count":0,"href":"https:\/\/www.hotellemcasadeicervia.com\/de\/wp-json\/wp\/v2\/pages\/43030\/revisions"}],"wp:attachment":[{"href":"https:\/\/www.hotellemcasadeicervia.com\/de\/wp-json\/wp\/v2\/media?parent=43030"}],"curies":[{"name":"wp","href":"https:\/\/api.w.org\/{rel}","templated":true}]}}