{"id":43056,"date":"2020-06-16T08:12:27","date_gmt":"2020-06-16T08:12:27","guid":{"rendered":"https:\/\/sito.soloproveweb.it\/gruene-cervia\/"},"modified":"2024-11-14T17:29:48","modified_gmt":"2024-11-14T17:29:48","slug":"gruene-cervia","status":"publish","type":"page","link":"https:\/\/www.hotellemcasadeicervia.com\/de\/gruene-cervia\/","title":{"rendered":"Gruene Cervia"},"content":{"rendered":"<p>[vc_row][vc_column][vc_column_text]<\/p>\n<p><span style=\"font-size: 18pt;\"><strong><em>Gruene Cervia: Mit dem Fahrrad durch die Kiefernw\u00e4lder von Mailand Marittima und Pinarella.<\/em><\/strong><\/span><\/p>\n<p style=\"text-align: justify;\">Gruene Cervia ist der Weg der K\u00fcstenkiefernw\u00e4lder von Milano Marittima und Pinarella, dem s\u00fcdlichen Tor des Po-Delta-Parks.<\/p>\n<p style=\"text-align: justify;\">Radfahren, w\u00e4hrend Sie den Balsam der Kiefern einatmen und dem Rauschen des Meeres lauschen, ist eine der effektivsten M\u00f6glichkeiten, um Stress abzubauen. Diese Waldgebiete von Milano Marittima und Pinarella sind die gr\u00fcnen Lungen des Cervia-Gebiets und erleben im Fr\u00fchjahr ihre maximale Pracht aufgrund des chromatischen Aufruhrs der Bl\u00fcten und des Geruchs von Balsamico-Aromen. Es ist auch sehr leicht, einige Eichh\u00f6rnchen, Kaninchen und einige Arten von V\u00f6geln zu entdecken.<\/p>\n<p style=\"text-align: justify;\">Die Route entwickelt sich auf Pfaden von Kiefernw\u00e4ldern und Radwegen und ber\u00fchrt zwei wichtige naturalistische Hilfsmittel von Cervesi, das Schmetterlingshaus (wo wir einen kurzen Besuch machen werden) und den Naturpark. Auch aus diesem Grund ist es eine besonders geeignete Fahrt f\u00fcr Kinder und Fans der lokalen Flora und Fauna.<\/p>\n<p style=\"text-align: justify;\">[\/vc_column_text][vc_separator][\/vc_column][\/vc_row][vc_row][vc_column][vc_column_text]<\/p>\n<h3 style=\"text-align: center;\">Die Gruene Cervia Route<\/h3>\n<p style=\"text-align: center;\">km: 24 km<br \/>\nH\u00f6henunterschied: 0<br \/>\nStra\u00dfenoberfl\u00e4che: Asphalt, Radweg, Kiefernwaldweg<br \/>\nEmpfohlene Fahrr\u00e4der: Citybike, Trekkingrad, Mountainbike<\/p>\n<p style=\"text-align: center;\">[\/vc_column_text][vc_separator][\/vc_column][\/vc_row][vc_row][vc_column][vc_column_text]<\/p>\n<h3 style=\"text-align: center;\">Sehensw\u00fcrdigkeiten:<\/h3>\n<p style=\"text-align: center;\">Kiefernwald von Cervia und Milano Marittima, <a href=\"https:\/\/www.hotellemcasadeicervia.com\/de\/2019\/10\/31\/das-schmetterlingshaus\/\">Schmetterlingshaus<\/a>, <a href=\"https:\/\/www.hotellemcasadeicervia.com\/de\/2019\/10\/31\/der-naturpark-cervia\/\">Naturpark<\/a> mit <a href=\"https:\/\/www.hotellemcasadeicervia.com\/de\/2019\/11\/05\/cerviavventura-3\/\">Cervia Adventure<\/a>, Pinarella und Tagliata Kiefernwald.<\/p>\n<p style=\"text-align: center;\">[\/vc_column_text][vc_separator][\/vc_column][\/vc_row][vc_row][vc_column][vc_column_text]<\/p>\n<p style=\"text-align: center;\">Karten<\/p>\n<p style=\"text-align: center;\">Routenkarten sind im B\u00fcro erh\u00e4ltlich <a href=\"mailto:iatcervia@cerviaturismo.it\">iatcervia@cerviaturismo.it<\/a><\/p>\n<p style=\"text-align: center;\">WANN: sommer<\/p>\n<p style=\"text-align: center;\">abgelegt unter: <a href=\"https:\/\/www.turismo.comunecervia.it\/it\/@@search?Subject%3Alist=slow%20bike\" target=\"_blank\" rel=\"noopener\">slow bike<\/a>[\/vc_column_text][\/vc_column][\/vc_row][vc_row][vc_column][vc_images_carousel images=&#8220;11794,11796,11797,11798&#8243;][\/vc_column][\/vc_row]<\/p>\n<p style=\"text-align: center;\">Quelle: <a class=\"moz-txt-link-abbreviated\" href=\"http:\/\/www.cerviaturismo.it\" target=\"_new\" rel=\"noopener noreferrer\">www.cerviaturismo.it<\/a><\/p>\n","protected":false},"excerpt":{"rendered":"<p>[vc_row][vc_column][vc_column_text] Gruene Cervia: Mit dem Fahrrad durch die Kiefernw\u00e4lder von Mailand Marittima und Pinarella. Gruene Cervia ist der Weg der K\u00fcstenkiefernw\u00e4lder von Milano Marittima und Pinarella, dem s\u00fcdlichen Tor des [&hellip;]<\/p>\n","protected":false},"author":2,"featured_media":43053,"parent":0,"menu_order":0,"comment_status":"open","ping_status":"open","template":"","meta":{"footnotes":""},"class_list":["post-43056","page","type-page","status-publish","has-post-thumbnail","hentry"],"_links":{"self":[{"href":"https:\/\/www.hotellemcasadeicervia.com\/de\/wp-json\/wp\/v2\/pages\/43056","targetHints":{"allow":["GET"]}}],"collection":[{"href":"https:\/\/www.hotellemcasadeicervia.com\/de\/wp-json\/wp\/v2\/pages"}],"about":[{"href":"https:\/\/www.hotellemcasadeicervia.com\/de\/wp-json\/wp\/v2\/types\/page"}],"author":[{"embeddable":true,"href":"https:\/\/www.hotellemcasadeicervia.com\/de\/wp-json\/wp\/v2\/users\/2"}],"replies":[{"embeddable":true,"href":"https:\/\/www.hotellemcasadeicervia.com\/de\/wp-json\/wp\/v2\/comments?post=43056"}],"version-history":[{"count":0,"href":"https:\/\/www.hotellemcasadeicervia.com\/de\/wp-json\/wp\/v2\/pages\/43056\/revisions"}],"wp:featuredmedia":[{"embeddable":true,"href":"https:\/\/www.hotellemcasadeicervia.com\/de\/wp-json\/wp\/v2\/media\/43053"}],"wp:attachment":[{"href":"https:\/\/www.hotellemcasadeicervia.com\/de\/wp-json\/wp\/v2\/media?parent=43056"}],"curies":[{"name":"wp","href":"https:\/\/api.w.org\/{rel}","templated":true}]}}