{"id":43066,"date":"2020-06-30T19:39:02","date_gmt":"2020-06-30T19:39:02","guid":{"rendered":"https:\/\/sito.soloproveweb.it\/basilika-san-vitale\/"},"modified":"2024-11-14T17:29:50","modified_gmt":"2024-11-14T17:29:50","slug":"basilika-san-vitale","status":"publish","type":"page","link":"https:\/\/www.hotellemcasadeicervia.com\/de\/basilika-san-vitale\/","title":{"rendered":"Basilika San Vitale"},"content":{"rendered":"<p style=\"text-align: left;\">[vc_row][vc_column][vc_column_text]<\/p>\n<h2 style=\"text-align: left;\">San Vitale, eines der ber\u00fchmtesten byzantinischen Denkm\u00e4ler der Welt<\/h2>\n<p style=\"text-align: left;\">Das Betreten von San Vitale ist nicht nur das Betreten einer wundersch\u00f6nen Kirche, sondern eine Art mystische Erfahrung, die f\u00fcr jedermann erreichbar ist. San Vitale wird nicht besucht, es wird geatmet; es zeigt; Sie h\u00f6ren. San Vitale berauscht Sie, umh\u00fcllt Sie und wiegt Sie. Am Ende der Reise f\u00fchlen Sie sich in Ihrer Seele erfrischt und sind sich bewusst, dass Sie gerade von einem einzigartigen Ort auf der Welt gekommen sind.<\/p>\n<div class=\"fusion-title title fusion-title-3 fusion-sep-none fusion-title-text fusion-title-size-one titolo-sito fusion-border-below-title\" style=\"text-align: left;\">\n<h2>Gold, Byzanz und Gustav Klimt<\/h2>\n<\/div>\n<div class=\"fusion-text\" style=\"text-align: left;\">\n<p style=\"text-align: justify;\">Es ist kein Zufall, dass Gustav Klimt nach seinem doppelten Besuch in Ravenna im Jahr 1903 die Periode seines Gem\u00e4ldes namens Aureo begann: Er tat dies, nachdem er das neoplatonische Gold unserer Mosaike bewundert hatte; Von diesem Gold behielt er die Form bei und gab den (theologischen) Inhalt auf und verwandelte die heiligen Ikonographien in sezessionistische Arabesken.<\/p>\n<p style=\"text-align: justify;\">San Vitale steht majest\u00e4tisch und gleichzeitig versteckt in der N\u00e4he der heutigen Via Cavour im Herzen des historischen Zentrums. Die auf der ganzen Welt bekannte Kirche ist ein UNESCO-Schatz und verzeichnet die h\u00f6chste Anzahl an t\u00e4glichen Besuchern in der Stadt.<\/p>\n<\/div>\n<div class=\"fusion-title title fusion-title-4 fusion-sep-none fusion-title-text fusion-title-size-one titolo-sito fusion-border-below-title\" style=\"text-align: left;\">\n<h2>Eine kleine Geschichte der Basilika<\/h2>\n<\/div>\n<div class=\"fusion-text\" style=\"text-align: left;\">\n<p style=\"text-align: justify;\">Die Basilika wurde von Bischof Ecclesio bei seiner R\u00fcckkehr von einer Reise nach Konstantinopel im Jahr 525 in Auftrag gegeben und von Giuliano Argentario finanziert. Sie wurde auf einer Kapelle aus dem 5. Jahrhundert (San Vitale geweiht) erbaut und 547 von Bischof Maximian geweiht, der die Innenausstattung in Auftrag gab.<\/p>\n<div class=\"fusion-fullwidth fullwidth-box fusion-builder-row-4 nonhundred-percent-fullwidth non-hundred-percent-height-scrolling fusion-equal-height-columns fusion-no-small-visibility\">\n<div class=\"fusion-builder-row fusion-row \">\n<div class=\"fusion-layout-column fusion_builder_column fusion_builder_column_2_3 fusion-builder-column-8 fusion-two-third fusion-column-last 2_3\">\n<div class=\"fusion-column-wrapper\" data-bg-url=\"\">\n<div class=\"fusion-title title fusion-title-5 fusion-sep-none fusion-title-text fusion-title-size-one titolo-sito fusion-border-below-title\"><\/div>\n<\/div>\n<\/div>\n<\/div>\n<\/div>\n<\/div>\n<h4 style=\"text-align: left;\">Das Foto auf allen Geschichtsb\u00fcchern<\/h4>\n<p style=\"text-align: justify;\">Die Kaiserin Theodora (eingewickelt in einen mit Edelsteinen und Perlmutt verzierten Damast) und der Kaiser Justinian mit ihren jeweiligen Opfergaben (oblatio Augusti et Augustae) nehmen ebenfalls am heiligen Bankett teil.<\/p>\n<p style=\"text-align: justify;\">Die Darstellungen der beiden Herrscher (die Ravenna nie besucht haben!), Die einen goldenen Kelch und eine Patera halten, bilden zusammen den Moment der Eucharistie in San Vitale einstimmig und fast kurvig, wo beide in der Mitte ihrer dargestellt sind Es folgten zwischen Hofw\u00fcrden und Dienstm\u00e4dchen. Das irdische Opfer ist daher ein Gegengewicht zum eucharistischen.<\/p>\n<p style=\"text-align: justify;\">[\/vc_column_text][vc_single_image image=&#8220;12041&#8243;][vc_column_text]<\/p>\n<div class=\"fusion-title title fusion-title-7 fusion-sep-none fusion-title-text fusion-title-size-one titolo-sito fusion-border-below-title\" style=\"text-align: left;\">\n<h4>Ravenna, die Pinaroli und der Osten<\/h4>\n<\/div>\n<div class=\"fusion-text\" style=\"text-align: justify;\">\n<p>Neben den narrativen oder dogmatischen Szenen werden Sie von dem Reichtum an zoomorphen und phytomorphen Details geblendet, die orientalischen Ursprungs sind und aufgrund ihrer naturalistischen Darstellung mit der hellenistisch-r\u00f6mischen Tradition verbunden sind, aber auch eng mit der einheimischen Umgebung verbunden sind.<\/p>\n<p>Neben den im \u00f6stlichen Christentum h\u00e4ufig vorkommenden Symbolen wie dem Pfau (Auferstehung) werden V\u00f6gel und Str\u00e4ucher in den Kiefernw\u00e4ldern und T\u00e4lern von Ravenna zu sehen sein, so dass die Kulisse der Geschichten, die Mitb\u00fcrger Pietro Guberti in seinem I Pinaroli erz\u00e4hlt hat, in einem byzantinischen Schl\u00fcssel fast noch einmal zu lesen scheint (Longo Editore, 1982).<\/p>\n<p><a href=\"https:\/\/www.ravennamosaici.it\/basilica-di-san-vitale\/\" target=\"_blank\" rel=\"noopener\">Source<\/a><\/p>\n<p><a href=\"https:\/\/www.hotellemcasadeicervia.com\/listino-prezzi-hotel-cervia\/\">Come<\/a> to the Hotel Lem Casadei in Cervia, 2 steps from the sea and from the Basilica!<\/p>\n<\/div>\n<p style=\"text-align: left;\">[\/vc_column_text][vc_column_text]<\/p>\n<div class=\"fusion-text\" style=\"text-align: left;\"><\/div>\n<p style=\"text-align: left;\"><a href=\"https:\/\/ravennamosaici.it\/wp-content\/uploads\/2018\/12\/2019_O-R-Mappa-Turistica.pdf\" target=\"_blank\" rel=\"noopener\">MAP OF THE BASILICA <\/a>[\/vc_column_text][\/vc_column][\/vc_row]<\/p>\n","protected":false},"excerpt":{"rendered":"<p>[vc_row][vc_column][vc_column_text] San Vitale, eines der ber\u00fchmtesten byzantinischen Denkm\u00e4ler der Welt Das Betreten von San Vitale ist nicht nur das Betreten einer wundersch\u00f6nen Kirche, sondern eine Art mystische Erfahrung, die f\u00fcr [&hellip;]<\/p>\n","protected":false},"author":2,"featured_media":42881,"parent":0,"menu_order":0,"comment_status":"open","ping_status":"open","template":"","meta":{"footnotes":""},"class_list":["post-43066","page","type-page","status-publish","has-post-thumbnail","hentry"],"_links":{"self":[{"href":"https:\/\/www.hotellemcasadeicervia.com\/de\/wp-json\/wp\/v2\/pages\/43066","targetHints":{"allow":["GET"]}}],"collection":[{"href":"https:\/\/www.hotellemcasadeicervia.com\/de\/wp-json\/wp\/v2\/pages"}],"about":[{"href":"https:\/\/www.hotellemcasadeicervia.com\/de\/wp-json\/wp\/v2\/types\/page"}],"author":[{"embeddable":true,"href":"https:\/\/www.hotellemcasadeicervia.com\/de\/wp-json\/wp\/v2\/users\/2"}],"replies":[{"embeddable":true,"href":"https:\/\/www.hotellemcasadeicervia.com\/de\/wp-json\/wp\/v2\/comments?post=43066"}],"version-history":[{"count":0,"href":"https:\/\/www.hotellemcasadeicervia.com\/de\/wp-json\/wp\/v2\/pages\/43066\/revisions"}],"wp:featuredmedia":[{"embeddable":true,"href":"https:\/\/www.hotellemcasadeicervia.com\/de\/wp-json\/wp\/v2\/media\/42881"}],"wp:attachment":[{"href":"https:\/\/www.hotellemcasadeicervia.com\/de\/wp-json\/wp\/v2\/media?parent=43066"}],"curies":[{"name":"wp","href":"https:\/\/api.w.org\/{rel}","templated":true}]}}