{"id":43105,"date":"2020-06-30T19:20:41","date_gmt":"2020-06-30T19:20:41","guid":{"rendered":"https:\/\/sito.soloproveweb.it\/steinteppiche\/"},"modified":"2024-11-14T17:29:49","modified_gmt":"2024-11-14T17:29:49","slug":"steinteppiche","status":"publish","type":"page","link":"https:\/\/www.hotellemcasadeicervia.com\/de\/steinteppiche\/","title":{"rendered":"Steinteppiche"},"content":{"rendered":"<h2>Der Domus der Steinteppiche ist eine der wichtigsten arch\u00e4ologischen St\u00e4tten Italiens, die in den letzten Jahrzehnten entdeckt wurden.<\/h2>\n<p style=\"text-align: justify;\">Es wurde zwischen 1993 und 1994 ans Licht gebracht; und es ist eine der wichtigsten italienischen arch\u00e4ologischen St\u00e4tten, die in den letzten Jahrzehnten entdeckt wurden. Der Pr\u00e4sident der Republik, Carlo Azeglio Ciampi, weihte den Domus im Oktober 2002 ein und wurde mit dem Bell&#8217;Italia 2004 Award und dem Francovich Award 2017 ausgezeichnet.<\/p>\n<p style=\"text-align: justify;\">Es befindet sich in der Kirche Santa Eufemia aus dem 18. Jahrhundert in einer weiten unterirdischen Umgebung, die sich etwa 3 Meter unter dem Stra\u00dfenniveau befindet. Es besteht aus 14 R\u00e4umen, die mit polychromen Mosaiken und Marmor gepflastert sind und zu einem privaten byzantinischen Geb\u00e4ude aus dem V.-VI. Jahrhundert geh\u00f6ren.<\/p>\n<h4><a href=\"https:\/\/www.google.com\/maps\/place\/Domus+dei+Tappeti+di+Pietra\/@44.4189757,12.1925872,17z\/data=!4m8!1m2!2m1!1svia+Barbiani+ingresso+chiesa+di+Sant%E2%80%99Eufemia,+2,+48121+Ravenna!3m4!1s0x477df95518fb3b21:0xd07f7ea473a7b8eb!8m2!3d44.4189046!4d12.1948489\" target=\"_blank\" rel=\"noopener\">Wo ist der Domus der Steinteppiche?: \u00fcber den Barbiani-Eingang zur Kirche Sant&#8217;Eufemia, 2, 48121 Ravenna<\/a><\/h4>\n<p style=\"text-align: justify;\">Unter den gefundenen Geb\u00e4udestrukturen ist der wichtigste Teil ein kleines Geb\u00e4ude, von dem vierzehn R\u00e4ume und drei Innenh\u00f6fe identifiziert wurden. Alle R\u00e4ume des Geb\u00e4udes waren mit Marmor- oder Mosaikeinlagen mit raffinierten Geometrien und fig\u00fcrlichen Eins\u00e4tzen aus polychromen Steinchen gepflastert.<\/p>\n<p style=\"text-align: justify;\">Die &#8222;Steinteppiche&#8220; wurden nach ihrer Restaurierung dorthin zur\u00fcckgebracht, wo sie entdeckt wurden.<\/p>\n<p style=\"text-align: justify;\">Von besonderem Interesse und Sch\u00f6nheit sind die Mosaike, die mit geometrischen, floralen und figurativen Elementen verziert sind, die als einzigartig gelten, wie im Fall des &#8222;Tanzes der Genies der vier Jahreszeiten&#8220;, einer sehr seltenen Darstellung, die die Genies zeigt, die in einem Kreis oder als tanzen f\u00fcr die Figur des &#8222;Guten Hirten&#8220;, dargestellt in einer anderen Version als die \u00fcbliche christliche Darstellung.<\/p>\n<p>&nbsp;<\/p>\n<h3>\u00d6ffnungszeiten: Tel. 0544 32512<\/h3>\n<p>Jeden Tag: 10.00 &#8211; 18.30 Uhr<\/p>\n<p>Die Zulassung ist gem\u00e4\u00df den Anti-Covid-Gesetzen nach Vorbehalt maximal 10 Personen alle 20 Minuten gestattet und erfordert das Tragen einer chirurgischen Maske.<\/p>\n<p>Die T\u00fcren des Domus stehen nicht nur Besuchern offen, sondern auch Touristenf\u00fchrern, die unter folgenden Bedingungen F\u00fchrungen unternehmen k\u00f6nnen:<\/p>\n<ul>\n<li>Bis zu maximal 5 Personen ist der Besuch ohne den Einsatz technologischer Hilfsmittel gestattet.<\/li>\n<li>F\u00fcr Gruppen \u00fcber 5 Personen ist der Besuch bis zur maximalen Verf\u00fcgbarkeit des Zugangs im gew\u00e4hlten Zeitfenster unter Verwendung von technologischen Hilfsmitteln des F\u00fchrers gestattet, der sich auch um die Hygiene des F\u00fchrers k\u00fcmmert.<\/li>\n<\/ul>\n<h3><strong>Barrierefreiheit<\/strong><\/h3>\n<p>Der Domus ist f\u00fcr Behinderte zug\u00e4nglich (bis zu 190 kg heben).<\/p>\n<p>M\u00f6chten Sie \u00fcberpr\u00fcfen, ob es ge\u00f6ffnet ist und Sie das Ticket kaufen m\u00f6chten? <a href=\"https:\/\/info.ravennantica.it\/selection\/timeslotpass?productId=10228214241234&amp;ot=1\" target=\"_blank\" rel=\"noopener\">Klick hier<\/a><\/p>\n<p>&nbsp;<\/p>\n<p><span style=\"color: #ff0000;\"><em>Quellen:<\/em><\/span><\/p>\n<p><a href=\"http:\/\/www.turismo.ra.it\/ita\/Scopri-il-territorio\/Arte-e-cultura\/Siti-archeologici\/Domus-dei-Tappeti-di-Pietra\" target=\"_blank\" rel=\"noopener\">Turismo Ravenna<\/a><\/p>\n<p><a href=\"https:\/\/domusdeitappetidipietra.it\/\" target=\"_blank\" rel=\"noopener\">Der Domus der Steinteppiche<\/a><\/p>\n<p>&nbsp;<\/p>\n<p>&nbsp;<\/p>\n<p><span style=\"font-size: 18pt;\"><a href=\"https:\/\/www.hotellemcasadeicervia.com\/de\/angebote\/\">Buchen Sie<\/a> im Hotel Lem Casadei in Cervia, nur einen Steinwurf vom Meer und Ravenna entfernt!<\/span><\/p>\n","protected":false},"excerpt":{"rendered":"<p>Der Domus der Steinteppiche ist eine der wichtigsten arch\u00e4ologischen St\u00e4tten Italiens, die in den letzten Jahrzehnten entdeckt wurden. Es wurde zwischen 1993 und 1994 ans Licht gebracht; und es ist [&hellip;]<\/p>\n","protected":false},"author":2,"featured_media":42877,"parent":0,"menu_order":0,"comment_status":"open","ping_status":"open","template":"","meta":{"footnotes":""},"class_list":["post-43105","page","type-page","status-publish","has-post-thumbnail","hentry"],"_links":{"self":[{"href":"https:\/\/www.hotellemcasadeicervia.com\/de\/wp-json\/wp\/v2\/pages\/43105","targetHints":{"allow":["GET"]}}],"collection":[{"href":"https:\/\/www.hotellemcasadeicervia.com\/de\/wp-json\/wp\/v2\/pages"}],"about":[{"href":"https:\/\/www.hotellemcasadeicervia.com\/de\/wp-json\/wp\/v2\/types\/page"}],"author":[{"embeddable":true,"href":"https:\/\/www.hotellemcasadeicervia.com\/de\/wp-json\/wp\/v2\/users\/2"}],"replies":[{"embeddable":true,"href":"https:\/\/www.hotellemcasadeicervia.com\/de\/wp-json\/wp\/v2\/comments?post=43105"}],"version-history":[{"count":0,"href":"https:\/\/www.hotellemcasadeicervia.com\/de\/wp-json\/wp\/v2\/pages\/43105\/revisions"}],"wp:featuredmedia":[{"embeddable":true,"href":"https:\/\/www.hotellemcasadeicervia.com\/de\/wp-json\/wp\/v2\/media\/42877"}],"wp:attachment":[{"href":"https:\/\/www.hotellemcasadeicervia.com\/de\/wp-json\/wp\/v2\/media?parent=43105"}],"curies":[{"name":"wp","href":"https:\/\/api.w.org\/{rel}","templated":true}]}}