{"id":43107,"date":"2020-06-26T19:28:57","date_gmt":"2020-06-26T19:28:57","guid":{"rendered":"https:\/\/sito.soloproveweb.it\/cervia-gold\/"},"modified":"2024-11-14T17:29:49","modified_gmt":"2024-11-14T17:29:49","slug":"cervia-gold","status":"publish","type":"page","link":"https:\/\/www.hotellemcasadeicervia.com\/de\/cervia-gold\/","title":{"rendered":"Cervia Gold"},"content":{"rendered":"<h2>[vc_row][vc_column][vc_column_text]<\/h2>\n<h2><strong>Cervia Gold Tauchen Sie ein in unsere Vergangenheit, um die Geschichte der Stadt Ravenna zu entdecken.<\/strong><\/h2>\n<p style=\"text-align: justify;\">Cervia Gold ist f\u00fcr diejenigen, die Geschichte und Denkm\u00e4ler sowie Sport und Radfahren lieben. Der Radweg f\u00fchrt von Cervia nach Ravenna, der Welthauptstadt der Mosaike, durch die Kiefernw\u00e4lder und Naturschutzgebiete des South Delta Park. Von Sant&#8217;Apollinare in Classe f\u00fchrt die Route auf einem gesch\u00fctzten Radweg ins Zentrum von Ravenna.<\/p>\n<p style=\"text-align: justify;\">Auf dem Stadtweg im Herzen der Stadt kommen Sie an den wichtigsten St\u00e4tten der Mosaikkunst vorbei: dem Neonischen Baptisterium, dem Domus der Steinteppiche und der Basilika San Vitale. Von Ravenna nach Cervia ist es nach Ermessen des Radfahrers m\u00f6glich, mit dem Zug zur\u00fcckzukehren.<\/p>\n<p style=\"text-align: justify;\">[\/vc_column_text][vc_separator][\/vc_column][\/vc_row][vc_row][vc_column][vc_column_text]<\/p>\n<h3 style=\"text-align: center;\">Die Cervia Gold Route<\/h3>\n<p style=\"text-align: center;\">km: 58 km<br \/>\nH\u00f6henunterschied: flach<br \/>\nStra\u00dfenoberfl\u00e4che: Kiefernwaldweg, Radweg, Feldwege<br \/>\nEmpfohlene Fahrr\u00e4der: Citybike, Trekkingrad, Mountainbike<\/p>\n<p style=\"text-align: center;\">[\/vc_column_text][vc_separator][\/vc_column][\/vc_row][vc_row][vc_column][vc_column_text]<\/p>\n<h3 style=\"text-align: center;\">Sehensw\u00fcrdigkeiten:<\/h3>\n<p style=\"text-align: center;\"><a href=\"https:\/\/www.hotellemcasadeicervia.com\/de\/santapollinare-in-classe-3\/\">Basilika S. Apollinare in Classe<\/a>, <a href=\"https:\/\/www.hotellemcasadeicervia.com\/de\/basilika-san-vitale\/\">San Vitale<\/a>, <a href=\"https:\/\/www.hotellemcasadeicervia.com\/de\/neonianische-baptisterium\/\">Neonian Baptisterium,<\/a> <a href=\"https:\/\/www.hotellemcasadeicervia.com\/de\/steinteppiche\/\">Domus der Steinteppiche<\/a>,<\/p>\n<p>&nbsp;<\/p>\n<p style=\"text-align: center;\">[\/vc_column_text][vc_separator][\/vc_column][\/vc_row][vc_row][vc_column][vc_column_text]<\/p>\n<p style=\"text-align: center;\"><a href=\"https:\/\/www.hotellemcasadeicervia.com\/de\/angebote\/\">Kommen Sie<\/a> ins Hotel Lem Casadei und buchen Sie eine dieser fantastischen Emotionen mit dem Fahrrad!<\/p>\n<p style=\"text-align: center;\">Karten<\/p>\n<p style=\"text-align: center;\">Routenkarten sind im IAT-B\u00fcro <a href=\"mailto:iatcervia@cerviaturismo.it\">iatcervia@cerviaturismo.it<\/a><\/p>\n<p style=\"text-align: center;\">WANN: Sommer<\/p>\n<p style=\"text-align: center;\">Abgelegt unter: <a href=\"https:\/\/www.turismo.comunecervia.it\/it\/@@search?Subject%3Alist=slow%20bike\" target=\"_blank\" rel=\"noopener\">slow bike<\/a><\/p>\n<p style=\"text-align: center;\">Quelle: ww.cerviaturismo.it<\/p>\n","protected":false},"excerpt":{"rendered":"<p>[vc_row][vc_column][vc_column_text] Cervia Gold Tauchen Sie ein in unsere Vergangenheit, um die Geschichte der Stadt Ravenna zu entdecken. Cervia Gold ist f\u00fcr diejenigen, die Geschichte und Denkm\u00e4ler sowie Sport und Radfahren [&hellip;]<\/p>\n","protected":false},"author":2,"featured_media":42873,"parent":0,"menu_order":0,"comment_status":"open","ping_status":"open","template":"","meta":{"footnotes":""},"class_list":["post-43107","page","type-page","status-publish","has-post-thumbnail","hentry"],"_links":{"self":[{"href":"https:\/\/www.hotellemcasadeicervia.com\/de\/wp-json\/wp\/v2\/pages\/43107","targetHints":{"allow":["GET"]}}],"collection":[{"href":"https:\/\/www.hotellemcasadeicervia.com\/de\/wp-json\/wp\/v2\/pages"}],"about":[{"href":"https:\/\/www.hotellemcasadeicervia.com\/de\/wp-json\/wp\/v2\/types\/page"}],"author":[{"embeddable":true,"href":"https:\/\/www.hotellemcasadeicervia.com\/de\/wp-json\/wp\/v2\/users\/2"}],"replies":[{"embeddable":true,"href":"https:\/\/www.hotellemcasadeicervia.com\/de\/wp-json\/wp\/v2\/comments?post=43107"}],"version-history":[{"count":0,"href":"https:\/\/www.hotellemcasadeicervia.com\/de\/wp-json\/wp\/v2\/pages\/43107\/revisions"}],"wp:featuredmedia":[{"embeddable":true,"href":"https:\/\/www.hotellemcasadeicervia.com\/de\/wp-json\/wp\/v2\/media\/42873"}],"wp:attachment":[{"href":"https:\/\/www.hotellemcasadeicervia.com\/de\/wp-json\/wp\/v2\/media?parent=43107"}],"curies":[{"name":"wp","href":"https:\/\/api.w.org\/{rel}","templated":true}]}}