{"id":43109,"date":"2020-06-16T14:09:53","date_gmt":"2020-06-16T14:09:53","guid":{"rendered":"https:\/\/sito.soloproveweb.it\/historischer-cervia\/"},"modified":"2024-11-14T17:29:49","modified_gmt":"2024-11-14T17:29:49","slug":"historischer-cervia","status":"publish","type":"page","link":"https:\/\/www.hotellemcasadeicervia.com\/de\/historischer-cervia\/","title":{"rendered":"Historischer Cervia"},"content":{"rendered":"<h2 style=\"text-align: justify;\">[vc_row][vc_column][vc_column_text]<\/h2>\n<h2 style=\"text-align: justify;\">Historischer Cervia ist ein einfacher Weg vom Meer zur Salzpfanne von Cervia, vorbei an den wichtigsten historischen St\u00e4tten der Stadt und ihrer Umgebung.<\/h2>\n<p style=\"text-align: justify;\">M\u00f6chten Sie eine sch\u00f6ne Fahrt in den Ebenen machen?<\/p>\n<p style=\"text-align: justify;\">W\u00e4hlen Sie &#8222;historisches Cervia&#8220; und entdecken Sie die wichtigsten historischen St\u00e4tten des Cervia-Bezirks: von den Kirchen auf dem Vorplatz \u00fcber die D\u00e9co-Villen in Mailand Marittima bis zu den symbolischen Orten der Romagna-Traditionen. Haupt, die B\u00e4der, Einige der Kirchen von Cervia und die \u00e4ltesten H\u00e4user des Ortes. Weil Cervia nicht nur Meer und gutes Essen ist, sondern auch Geschichte, Natur und Wohlbefinden.<\/p>\n<p style=\"text-align: justify;\">[\/vc_column_text][vc_separator][\/vc_column][\/vc_row][vc_row][vc_column][vc_column_text]<\/p>\n<h3 style=\"text-align: center;\">Der Weg von historischer Cervia<\/h3>\n<p style=\"text-align: center;\">km: 31 km<br \/>\nH\u00f6henunterschied: 0<br \/>\nStra\u00dfenoberfl\u00e4che: Asphalt, Feldweg, Kiefernwaldweg<br \/>\nEmpfohlene Fahrr\u00e4der: Citybike, Trekkingrad, Mountainbike<\/p>\n<p style=\"text-align: center;\">[\/vc_column_text][vc_separator][\/vc_column][\/vc_row][vc_row][vc_column][vc_column_text]<\/p>\n<h3 style=\"text-align: center;\">Sehensw\u00fcrdigkeiten:<\/h3>\n<p style=\"text-align: center;\">Garibaldi Platz, <a href=\"https:\/\/www.hotellemcasadeicervia.com\/de\/2019\/11\/20\/musa-das-salzmuseum-von-cervia\/\">Salzlager<\/a>, <a href=\"https:\/\/www.hotellemcasadeicervia.com\/de\/2021\/02\/09\/villa-palanti-2-2\/\">Villa Palanti<\/a>, Colonia Varese, Haus der Aie, Villa Ragazzena, <a href=\"https:\/\/www.hotellemcasadeicervia.com\/de\/?post_type=tribe_events&#038;p=41390\">Holz des Herzogs von Altemps<\/a>, <a href=\"https:\/\/www.hotellemcasadeicervia.com\/de\/2021\/01\/07\/santo-stefano-2\/\">Pfarrkirche von Santo Stefano,<\/a> Heiligtum der Madonna del Pino, <a href=\"https:\/\/www.hotellemcasadeicervia.com\/de\/2019\/11\/06\/thermen-von-cervia\/\">Spa<\/a>.<\/p>\n<p style=\"text-align: center;\">[\/vc_column_text][vc_separator][\/vc_column][\/vc_row][vc_row][vc_column][vc_column_text]<\/p>\n<p style=\"text-align: center;\">Karten<\/p>\n<p style=\"text-align: center;\">Routenkarten sind im IAT-B\u00fcro erh\u00e4ltlich<\/p>\n<p style=\"text-align: center;\">WANN: Sommer<\/p>\n<p style=\"text-align: center;\">Abgelegt unter: <a href=\"https:\/\/www.turismo.comunecervia.it\/it\/@@search?Subject%3Alist=slow%20bike\" target=\"_blank\" rel=\"noopener\">langsames Fahrrad<\/a>[\/vc_column_text][\/vc_column][\/vc_row][vc_row][vc_column][vc_images_carousel images=&#8220;11794,11796,11797,11798&#8243;][\/vc_column][\/vc_row]<\/p>\n<p style=\"text-align: center;\"><a href=\"http:\/\/ww.cerviaturismo.it\" target=\"_blank\" rel=\"noopener\">Quelle<\/a><\/p>\n","protected":false},"excerpt":{"rendered":"<p>[vc_row][vc_column][vc_column_text] Historischer Cervia ist ein einfacher Weg vom Meer zur Salzpfanne von Cervia, vorbei an den wichtigsten historischen St\u00e4tten der Stadt und ihrer Umgebung. M\u00f6chten Sie eine sch\u00f6ne Fahrt in [&hellip;]<\/p>\n","protected":false},"author":2,"featured_media":42865,"parent":0,"menu_order":0,"comment_status":"open","ping_status":"open","template":"","meta":{"footnotes":""},"class_list":["post-43109","page","type-page","status-publish","has-post-thumbnail","hentry"],"_links":{"self":[{"href":"https:\/\/www.hotellemcasadeicervia.com\/de\/wp-json\/wp\/v2\/pages\/43109","targetHints":{"allow":["GET"]}}],"collection":[{"href":"https:\/\/www.hotellemcasadeicervia.com\/de\/wp-json\/wp\/v2\/pages"}],"about":[{"href":"https:\/\/www.hotellemcasadeicervia.com\/de\/wp-json\/wp\/v2\/types\/page"}],"author":[{"embeddable":true,"href":"https:\/\/www.hotellemcasadeicervia.com\/de\/wp-json\/wp\/v2\/users\/2"}],"replies":[{"embeddable":true,"href":"https:\/\/www.hotellemcasadeicervia.com\/de\/wp-json\/wp\/v2\/comments?post=43109"}],"version-history":[{"count":0,"href":"https:\/\/www.hotellemcasadeicervia.com\/de\/wp-json\/wp\/v2\/pages\/43109\/revisions"}],"wp:featuredmedia":[{"embeddable":true,"href":"https:\/\/www.hotellemcasadeicervia.com\/de\/wp-json\/wp\/v2\/media\/42865"}],"wp:attachment":[{"href":"https:\/\/www.hotellemcasadeicervia.com\/de\/wp-json\/wp\/v2\/media?parent=43109"}],"curies":[{"name":"wp","href":"https:\/\/api.w.org\/{rel}","templated":true}]}}