{"id":43139,"date":"2021-05-13T12:23:40","date_gmt":"2021-05-13T12:23:40","guid":{"rendered":"https:\/\/sito.soloproveweb.it\/informationen-hotel-lem-casadei\/"},"modified":"2024-11-25T11:08:35","modified_gmt":"2024-11-25T11:08:35","slug":"informationen-hotel-lem-casadei","status":"publish","type":"page","link":"https:\/\/www.hotellemcasadeicervia.com\/de\/informationen-hotel-lem-casadei\/","title":{"rendered":"Hotel Informationen"},"content":{"rendered":"\t\t<div data-elementor-type=\"wp-page\" data-elementor-id=\"43139\" class=\"elementor elementor-43139 elementor-43135\" data-elementor-post-type=\"page\">\n\t\t\t\t<div class=\"elementor-element elementor-element-2b8613b e-flex e-con-boxed e-con e-parent\" data-id=\"2b8613b\" data-element_type=\"container\" data-e-type=\"container\">\n\t\t\t\t\t<div class=\"e-con-inner\">\n\t\t\t\t\t<\/div>\n\t\t\t\t<\/div>\n\t\t<div class=\"elementor-element elementor-element-26e76ccd e-flex e-con-boxed e-con e-parent\" data-id=\"26e76ccd\" data-element_type=\"container\" data-e-type=\"container\">\n\t\t\t\t\t<div class=\"e-con-inner\">\n\t\t\t\t<div class=\"elementor-element elementor-element-92bd47b elementor-widget elementor-widget-text-editor\" data-id=\"92bd47b\" data-element_type=\"widget\" data-e-type=\"widget\" data-widget_type=\"text-editor.default\">\n\t\t\t\t<div class=\"elementor-widget-container\">\n\t\t\t\t\t\t\t\t\t<h2 style=\"text-align: center;\"><strong>INFORMATIONEN ZUR VOLLPENSION MIT UNBEGRENZT WASSER UND WEIN ZU DEN MAHLZEITEN!  <\/strong><\/h2>\n<h3 style=\"text-align: justify;\">INFO MEN\u00dc<\/h3>\n<p style=\"text-align: justify;\">Unsere<strong> K\u00fcche<\/strong> bietet jeden Tag eine Auswahl von 3 ersten und 3 zweiten G\u00e4ngen, ein reichhaltiges Buffet mit gekochtem und rohem Gem\u00fcse, und das Dessert (Tagesdessert oder Sorbet oder Eis) ist im Preis inbegriffen. Jeden Tag bieten wir ein oder zwei frische Nudelgerichte an, zum Mittag- und Abendessen gibt es Fisch, aber auch ausgezeichnete Fleisch- oder vegetarische Gerichte.<\/p>\n<p style=\"text-align: justify;\">F\u00fcr j\u00fcngere <strong>Kinder<\/strong> k\u00f6nnen Sie die Mahlzeiten des Tages morgens direkt an der Rezeption bestellen: Wir k\u00f6nnen Gem\u00fcsesuppen oder Br\u00fchen anbieten, wir haben Cremes (Tapioka, Grie\u00df, 4-Korn) oder kleine Geb\u00e4ckst\u00fccke wie Anellini, Gemmine, Risino&#8230; Wir k\u00f6nnen Fleisch, Fisch und Schinken zerkleinern oder mischen, so dass wir eine komplette Mahlzeit f\u00fcr unsere kleinen G\u00e4ste haben.<\/p>\n<p style=\"text-align: justify;\">Beim Zerkleinern von Fleisch oder Fisch k\u00f6nnen einige gr\u00f6bere St\u00fccke \u00fcbrig bleiben. Wenn Sie homogenisierte Lebensmittel mitbringen m\u00f6chten, k\u00f6nnen Sie dies nur tun, wenn Sie einen Kaufbeleg vorlegen k\u00f6nnen. Es ist kein Problem, die <strong>Babynahrung<\/strong> in der K\u00fcche aufzubewahren und sie nur f\u00fcr Ihr <strong>Baby<\/strong> zu verwenden!<\/p>\n<\/p>\n<h3><strong>INFORMATIONEN ZUM ZIMMERSERVICE<\/strong><\/h3>\n<p style=\"text-align: justify;\">Aufgrund des Coronavirus wurde der Tischservice abgeschafft und durch ein reichhaltiges, durch Plexiglasscheiben gesch\u00fctztes Buffet ersetzt, an dem Sie von allem, was Sie sehen, ein wenig probieren k\u00f6nnen. Die Gew\u00fcrze sind nur f\u00fcr eine Portion geeignet.<\/p>\n<p style=\"text-align: justify;\">Wasser und Wein vom Fass (im Preis inbegriffen) werden ebenfalls von unseren Kellnern zubereitet. Auf diese Weise konnten wir sowohl beim Fr\u00fchst\u00fcck als auch bei den Mahlzeiten die gleiche Auswahl an Produkten beibehalten und so jede Art von Kontamination verhindern. Andere Getr\u00e4nke k\u00f6nnen gegen einen Aufpreis bestellt werden.<\/p>\n<p style=\"text-align: justify;\">Sie werden keine Tischdecken mehr finden: Die Tische sind abwaschbar und die Tischdecken sind Einwegt\u00fccher, so dass Sie nach jeder Mahlzeit alles (Tische, St\u00fchle und Hochst\u00fchle) schnell, aber gr\u00fcndlich desinfizieren k\u00f6nnen.<\/p>\n<\/p>\n<h3><strong>INFO ZUM ZEITPLAN<\/strong><\/h3>\n<p style=\"text-align: justify;\">Die Essenszeiten wurden verl\u00e4ngert und es ist m\u00f6glich, den Speisesaal zu den folgenden Zeiten zu betreten:<\/p>\n<ul>\n<li>7.30 &#8211; 9.30 Uhr zum Fr\u00fchst\u00fcck<\/li>\n<li>12 &#8211; 13.30 Uhr zum Mittagessen<\/li>\n<li>19 &#8211; 20.30 Uhr zum Abendessen<\/li>\n<\/ul>\n<p style=\"text-align: justify;\">Wir nehmen keine Reservierungen f\u00fcr eine bestimmte Zeit entgegen. Falls sich also eine kleine Schlange am Buffet bildet, wenn Sie kommen, m\u00fcssen Sie nur ein paar Minuten warten, bis die Leute, die schon fr\u00fcher gekommen sind, weg sind. Rote Punkte kennzeichnen &#8218;Sicherheits&#8216;-Positionen. Wir empfehlen die Start- und Endzeiten, die immer am wenigsten \u00fcberlaufen sind.<\/p>\n<p>Wenn Sie weitere Informationen w\u00fcnschen, stehen wir Ihnen jederzeit f\u00fcr alle Ihre<a href=\"https:\/\/www.hotellemcasadeicervia.com\/de\/kontakte\/\"> Fragen<\/a> zur Verf\u00fcgung<a href=\"https:\/\/www.hotellemcasadeicervia.com\/de\/kontakte\/\">!<\/a><\/p>\n\t\t\t\t\t\t\t\t<\/div>\n\t\t\t\t<\/div>\n\t\t\t\t\t<\/div>\n\t\t\t\t<\/div>\n\t\t\t\t<\/div>\n\t\t","protected":false},"excerpt":{"rendered":"<p>INFORMATIONEN ZUR VOLLPENSION MIT UNBEGRENZT WASSER UND WEIN ZU DEN MAHLZEITEN! INFO MEN\u00dc Unsere K\u00fcche bietet jeden Tag eine Auswahl von 3 ersten und 3 zweiten G\u00e4ngen, ein reichhaltiges Buffet [&hellip;]<\/p>\n","protected":false},"author":2,"featured_media":43136,"parent":0,"menu_order":0,"comment_status":"closed","ping_status":"open","template":"","meta":{"footnotes":""},"class_list":["post-43139","page","type-page","status-publish","has-post-thumbnail","hentry"],"_links":{"self":[{"href":"https:\/\/www.hotellemcasadeicervia.com\/de\/wp-json\/wp\/v2\/pages\/43139","targetHints":{"allow":["GET"]}}],"collection":[{"href":"https:\/\/www.hotellemcasadeicervia.com\/de\/wp-json\/wp\/v2\/pages"}],"about":[{"href":"https:\/\/www.hotellemcasadeicervia.com\/de\/wp-json\/wp\/v2\/types\/page"}],"author":[{"embeddable":true,"href":"https:\/\/www.hotellemcasadeicervia.com\/de\/wp-json\/wp\/v2\/users\/2"}],"replies":[{"embeddable":true,"href":"https:\/\/www.hotellemcasadeicervia.com\/de\/wp-json\/wp\/v2\/comments?post=43139"}],"version-history":[{"count":0,"href":"https:\/\/www.hotellemcasadeicervia.com\/de\/wp-json\/wp\/v2\/pages\/43139\/revisions"}],"wp:featuredmedia":[{"embeddable":true,"href":"https:\/\/www.hotellemcasadeicervia.com\/de\/wp-json\/wp\/v2\/media\/43136"}],"wp:attachment":[{"href":"https:\/\/www.hotellemcasadeicervia.com\/de\/wp-json\/wp\/v2\/media?parent=43139"}],"curies":[{"name":"wp","href":"https:\/\/api.w.org\/{rel}","templated":true}]}}